{"id":1427,"date":"2008-10-31T00:00:00","date_gmt":"2008-10-30T23:00:00","guid":{"rendered":"https:\/\/swi-tec.ch\/produkt\/toolbag\/"},"modified":"2022-04-28T00:52:51","modified_gmt":"2022-04-27T22:52:51","slug":"toolbag-empty-swi-tec","status":"publish","type":"product","link":"https:\/\/swi-tec.ch\/en\/product\/toolbag-empty-swi-tec\/","title":{"rendered":"Toolbag empty"},"content":{"rendered":"<h2>The perfect tool bag<\/h2>\n<p>The tear-resistant and water-repellent bag is the perfect place to store your tools, no more massiv and heavy tool cases.<\/p>\n<p>20 or 30 pockets of different sizes give you enough options to store different tools and secure them against falling out with a Velcro strap. An additional small pocket with a zipper completes the product.<\/p>\n<p>The bag (without tools ) is available in 2 sizes.<\/p>\n<p>Small = 54 x 54 cm ideal for everyday tools<br \/>\nLarge = 84 x 84 cm ideal for general and larger tools<\/p>\n<p>Because of the handy size, it dont need much space and can be closed with an adjustable belt and can also be washed up to 40 \u00b0 C if necessary.<\/p>\n<p>This tool bag is suitable for many areas in everyday life, whether camping, in the car or in the house and garden. Maybe the next gift.<\/p>\n","protected":false},"excerpt":{"rendered":"<p>The perfect tool bag The tear-resistant and water-repellent bag is the perfect place to store your tools, no more massiv and heavy tool cases. 20 or 30 pockets of different sizes give you enough options to store different tools and secure them against falling out with a Velcro strap. An additional small pocket with a [&#8230;]\n","protected":false},"featured_media":48222,"comment_status":"open","ping_status":"closed","template":"","meta":[],"product_brand":[],"product_cat":[223,4536,19,2992,231],"product_tag":[4529,1452,4530,4545,4532,4531,4542,1453,2077,2076,2000,2039,2001,1455,2063,1454,1451,2038,4680,2262,4534,2265],"class_list":{"0":"post-1427","1":"product","2":"type-product","3":"status-publish","4":"has-post-thumbnail","6":"product_cat-bags","7":"product_cat-category-camping-en","8":"product_cat-help-aboard","9":"product_cat-present-ideas","10":"product_cat-tools-accessories","11":"product_tag-bag-en","12":"product_tag-boat-equipment","13":"product_tag-camping-en","14":"product_tag-camping-area-en","15":"product_tag-camping-area","16":"product_tag-camping-bag-en","17":"product_tag-camping-item","18":"product_tag-motorboats","19":"product_tag-ocean-sailing","20":"product_tag-one-hand-sailing","21":"product_tag-reapair","22":"product_tag-repair","23":"product_tag-reparation","24":"product_tag-sailboat-en","25":"product_tag-sailing-en","26":"product_tag-sailing-yacht","27":"product_tag-ship-supplies","28":"product_tag-spare-part","29":"product_tag-spare-parts","30":"product_tag-stabile-taschen-an-bord-en","31":"product_tag-universal-bag-en","32":"product_tag-universaltaschen-en","33":"pa_farbe-dark-blue","34":"pa_groesse-large","35":"pa_groesse-small","36":"pa_material-nylon-en","37":"pa_sonstiges-without-content","39":"first","40":"instock","41":"taxable","42":"shipping-taxable","43":"purchasable","44":"product-type-variable"},"yoast_head":"<!-- This site is optimized with the Yoast SEO plugin v27.2 - https:\/\/yoast.com\/product\/yoast-seo-wordpress\/ -->\n<title>Toolbag empty - SWI-TEC<\/title>\n<meta name=\"description\" content=\"Die Werkzeugasche hilft sich als perfekter Begleiter auf dem Boot, beim campen, im Haushalt oder Auto. 2 verschiedene Gr\u00f6\u00dfen mit vielen F\u00e4chern zum ordnen\" \/>\n<meta name=\"robots\" content=\"index, follow, max-snippet:-1, max-image-preview:large, max-video-preview:-1\" \/>\n<link rel=\"canonical\" href=\"https:\/\/swi-tec.ch\/product\/werkzeugtasche_leer-swi-tec\/\" \/>\n<meta property=\"og:locale\" content=\"en_US\" \/>\n<meta property=\"og:type\" content=\"article\" \/>\n<meta property=\"og:title\" content=\"Toolbag empty - SWI-TEC\" \/>\n<meta property=\"og:description\" content=\"Die Werkzeugasche hilft sich als perfekter Begleiter auf dem Boot, beim campen, im Haushalt oder Auto. 2 verschiedene Gr\u00f6\u00dfen mit vielen F\u00e4chern zum ordnen\" \/>\n<meta property=\"og:url\" content=\"https:\/\/swi-tec.ch\/product\/werkzeugtasche_leer-swi-tec\/\" \/>\n<meta property=\"og:site_name\" content=\"SWI-TEC CH\" \/>\n<meta property=\"article:modified_time\" content=\"2022-04-27T22:52:51+00:00\" \/>\n<meta property=\"og:image\" content=\"https:\/\/swi-tec.ch\/wp-content\/uploads\/1062-befu\u0308llt.jpg\" \/>\n\t<meta property=\"og:image:width\" content=\"1200\" \/>\n\t<meta property=\"og:image:height\" content=\"799\" \/>\n\t<meta property=\"og:image:type\" content=\"image\/jpeg\" \/>\n<meta name=\"twitter:card\" content=\"summary_large_image\" \/>\n<meta name=\"twitter:label1\" content=\"Est. reading time\" \/>\n\t<meta name=\"twitter:data1\" content=\"1 minute\" \/>\n<script type=\"application\/ld+json\" class=\"yoast-schema-graph\">{\"@context\":\"https:\/\/schema.org\",\"@graph\":[{\"@type\":\"WebPage\",\"@id\":\"https:\/\/swi-tec.ch\/product\/werkzeugtasche_leer-swi-tec\/\",\"url\":\"https:\/\/swi-tec.ch\/product\/werkzeugtasche_leer-swi-tec\/\",\"name\":\"Toolbag empty - SWI-TEC\",\"isPartOf\":{\"@id\":\"https:\/\/swi-tec.ch\/#website\"},\"primaryImageOfPage\":{\"@id\":\"https:\/\/swi-tec.ch\/product\/werkzeugtasche_leer-swi-tec\/#primaryimage\"},\"image\":{\"@id\":\"https:\/\/swi-tec.ch\/product\/werkzeugtasche_leer-swi-tec\/#primaryimage\"},\"thumbnailUrl\":\"https:\/\/swi-tec.ch\/wp-content\/uploads\/1062-befu\u0308llt.jpg\",\"datePublished\":\"2008-10-30T23:00:00+00:00\",\"dateModified\":\"2022-04-27T22:52:51+00:00\",\"description\":\"Die Werkzeugasche hilft sich als perfekter Begleiter auf dem Boot, beim campen, im Haushalt oder Auto. 2 verschiedene Gr\u00f6\u00dfen mit vielen F\u00e4chern zum ordnen\",\"breadcrumb\":{\"@id\":\"https:\/\/swi-tec.ch\/product\/werkzeugtasche_leer-swi-tec\/#breadcrumb\"},\"inLanguage\":\"en-US\",\"potentialAction\":[{\"@type\":\"ReadAction\",\"target\":[\"https:\/\/swi-tec.ch\/product\/werkzeugtasche_leer-swi-tec\/\"]}]},{\"@type\":\"ImageObject\",\"inLanguage\":\"en-US\",\"@id\":\"https:\/\/swi-tec.ch\/product\/werkzeugtasche_leer-swi-tec\/#primaryimage\",\"url\":\"https:\/\/swi-tec.ch\/wp-content\/uploads\/1062-befu\u0308llt.jpg\",\"contentUrl\":\"https:\/\/swi-tec.ch\/wp-content\/uploads\/1062-befu\u0308llt.jpg\",\"width\":1200,\"height\":799,\"caption\":\"Flexible Werkzeugtasche\"},{\"@type\":\"BreadcrumbList\",\"@id\":\"https:\/\/swi-tec.ch\/product\/werkzeugtasche_leer-swi-tec\/#breadcrumb\",\"itemListElement\":[{\"@type\":\"ListItem\",\"position\":1,\"name\":\"Startseite\",\"item\":\"https:\/\/swi-tec.ch\/en\/\"},{\"@type\":\"ListItem\",\"position\":2,\"name\":\"Produkte\",\"item\":\"https:\/\/swi-tec.ch\/shop\/\"},{\"@type\":\"ListItem\",\"position\":3,\"name\":\"Toolbag empty\"}]},{\"@type\":\"WebSite\",\"@id\":\"https:\/\/swi-tec.ch\/#website\",\"url\":\"https:\/\/swi-tec.ch\/\",\"name\":\"SWI-TEC CH\",\"description\":\"the smart yacht accessories - stress-free on board\",\"potentialAction\":[{\"@type\":\"SearchAction\",\"target\":{\"@type\":\"EntryPoint\",\"urlTemplate\":\"https:\/\/swi-tec.ch\/?s={search_term_string}\"},\"query-input\":{\"@type\":\"PropertyValueSpecification\",\"valueRequired\":true,\"valueName\":\"search_term_string\"}}],\"inLanguage\":\"en-US\"}]}<\/script>\n<!-- \/ Yoast SEO plugin. -->","yoast_head_json":{"title":"Toolbag empty - SWI-TEC","description":"Die Werkzeugasche hilft sich als perfekter Begleiter auf dem Boot, beim campen, im Haushalt oder Auto. 2 verschiedene Gr\u00f6\u00dfen mit vielen F\u00e4chern zum ordnen","robots":{"index":"index","follow":"follow","max-snippet":"max-snippet:-1","max-image-preview":"max-image-preview:large","max-video-preview":"max-video-preview:-1"},"canonical":"https:\/\/swi-tec.ch\/product\/werkzeugtasche_leer-swi-tec\/","og_locale":"en_US","og_type":"article","og_title":"Toolbag empty - SWI-TEC","og_description":"Die Werkzeugasche hilft sich als perfekter Begleiter auf dem Boot, beim campen, im Haushalt oder Auto. 2 verschiedene Gr\u00f6\u00dfen mit vielen F\u00e4chern zum ordnen","og_url":"https:\/\/swi-tec.ch\/product\/werkzeugtasche_leer-swi-tec\/","og_site_name":"SWI-TEC CH","article_modified_time":"2022-04-27T22:52:51+00:00","og_image":[{"width":1200,"height":799,"url":"https:\/\/swi-tec.ch\/wp-content\/uploads\/1062-befu\u0308llt.jpg","type":"image\/jpeg"}],"twitter_card":"summary_large_image","twitter_misc":{"Est. reading time":"1 minute"},"schema":{"@context":"https:\/\/schema.org","@graph":[{"@type":"WebPage","@id":"https:\/\/swi-tec.ch\/product\/werkzeugtasche_leer-swi-tec\/","url":"https:\/\/swi-tec.ch\/product\/werkzeugtasche_leer-swi-tec\/","name":"Toolbag empty - SWI-TEC","isPartOf":{"@id":"https:\/\/swi-tec.ch\/#website"},"primaryImageOfPage":{"@id":"https:\/\/swi-tec.ch\/product\/werkzeugtasche_leer-swi-tec\/#primaryimage"},"image":{"@id":"https:\/\/swi-tec.ch\/product\/werkzeugtasche_leer-swi-tec\/#primaryimage"},"thumbnailUrl":"https:\/\/swi-tec.ch\/wp-content\/uploads\/1062-befu\u0308llt.jpg","datePublished":"2008-10-30T23:00:00+00:00","dateModified":"2022-04-27T22:52:51+00:00","description":"Die Werkzeugasche hilft sich als perfekter Begleiter auf dem Boot, beim campen, im Haushalt oder Auto. 2 verschiedene Gr\u00f6\u00dfen mit vielen F\u00e4chern zum ordnen","breadcrumb":{"@id":"https:\/\/swi-tec.ch\/product\/werkzeugtasche_leer-swi-tec\/#breadcrumb"},"inLanguage":"en-US","potentialAction":[{"@type":"ReadAction","target":["https:\/\/swi-tec.ch\/product\/werkzeugtasche_leer-swi-tec\/"]}]},{"@type":"ImageObject","inLanguage":"en-US","@id":"https:\/\/swi-tec.ch\/product\/werkzeugtasche_leer-swi-tec\/#primaryimage","url":"https:\/\/swi-tec.ch\/wp-content\/uploads\/1062-befu\u0308llt.jpg","contentUrl":"https:\/\/swi-tec.ch\/wp-content\/uploads\/1062-befu\u0308llt.jpg","width":1200,"height":799,"caption":"Flexible Werkzeugtasche"},{"@type":"BreadcrumbList","@id":"https:\/\/swi-tec.ch\/product\/werkzeugtasche_leer-swi-tec\/#breadcrumb","itemListElement":[{"@type":"ListItem","position":1,"name":"Startseite","item":"https:\/\/swi-tec.ch\/en\/"},{"@type":"ListItem","position":2,"name":"Produkte","item":"https:\/\/swi-tec.ch\/shop\/"},{"@type":"ListItem","position":3,"name":"Toolbag empty"}]},{"@type":"WebSite","@id":"https:\/\/swi-tec.ch\/#website","url":"https:\/\/swi-tec.ch\/","name":"SWI-TEC CH","description":"the smart yacht accessories - stress-free on board","potentialAction":[{"@type":"SearchAction","target":{"@type":"EntryPoint","urlTemplate":"https:\/\/swi-tec.ch\/?s={search_term_string}"},"query-input":{"@type":"PropertyValueSpecification","valueRequired":true,"valueName":"search_term_string"}}],"inLanguage":"en-US"}]}},"_links":{"self":[{"href":"https:\/\/swi-tec.ch\/en\/wp-json\/wp\/v2\/product\/1427","targetHints":{"allow":["GET"]}}],"collection":[{"href":"https:\/\/swi-tec.ch\/en\/wp-json\/wp\/v2\/product"}],"about":[{"href":"https:\/\/swi-tec.ch\/en\/wp-json\/wp\/v2\/types\/product"}],"replies":[{"embeddable":true,"href":"https:\/\/swi-tec.ch\/en\/wp-json\/wp\/v2\/comments?post=1427"}],"wp:featuredmedia":[{"embeddable":true,"href":"https:\/\/swi-tec.ch\/en\/wp-json\/wp\/v2\/media\/48222"}],"wp:attachment":[{"href":"https:\/\/swi-tec.ch\/en\/wp-json\/wp\/v2\/media?parent=1427"}],"wp:term":[{"taxonomy":"product_brand","embeddable":true,"href":"https:\/\/swi-tec.ch\/en\/wp-json\/wp\/v2\/product_brand?post=1427"},{"taxonomy":"product_cat","embeddable":true,"href":"https:\/\/swi-tec.ch\/en\/wp-json\/wp\/v2\/product_cat?post=1427"},{"taxonomy":"product_tag","embeddable":true,"href":"https:\/\/swi-tec.ch\/en\/wp-json\/wp\/v2\/product_tag?post=1427"}],"curies":[{"name":"wp","href":"https:\/\/api.w.org\/{rel}","templated":true}]}}